{"id":3387,"date":"2024-01-29T09:26:41","date_gmt":"2024-01-29T08:26:41","guid":{"rendered":"https:\/\/inspiraconsulting.sk\/?page_id=3387"},"modified":"2024-01-29T12:31:03","modified_gmt":"2024-01-29T11:31:03","slug":"suhlas-s-komunikaciou","status":"publish","type":"page","link":"https:\/\/inspiraconsulting.sk\/?page_id=3387","title":{"rendered":"S\u00daHLAS S KOMUNIK\u00c1CIOU"},"content":{"rendered":"\t\t<div data-elementor-type=\"wp-page\" data-elementor-id=\"3387\" class=\"elementor elementor-3387\" data-elementor-settings=\"[]\">\n\t\t\t\t\t\t\t<div class=\"elementor-section-wrap\">\n\t\t\t\t\t\t\t<section class=\"elementor-section elementor-top-section elementor-element elementor-element-698d6716 elementor-section-boxed elementor-section-height-default elementor-section-height-default\" data-id=\"698d6716\" data-element_type=\"section\">\n\t\t\t\t\t\t<div class=\"elementor-container elementor-column-gap-default\">\n\t\t\t\t\t<div class=\"elementor-column elementor-col-100 elementor-top-column elementor-element elementor-element-c6a7735\" data-id=\"c6a7735\" data-element_type=\"column\">\n\t\t\t<div class=\"elementor-widget-wrap elementor-element-populated\">\n\t\t\t\t\t\t\t\t<div class=\"elementor-element elementor-element-d4bf7be elementor-widget elementor-widget-heading\" data-id=\"d4bf7be\" data-element_type=\"widget\" data-widget_type=\"heading.default\">\n\t\t\t\t<div class=\"elementor-widget-container\">\n\t\t\t<style>\/*! elementor - v3.5.6 - 28-02-2022 *\/\n.elementor-heading-title{padding:0;margin:0;line-height:1}.elementor-widget-heading .elementor-heading-title[class*=elementor-size-]>a{color:inherit;font-size:inherit;line-height:inherit}.elementor-widget-heading .elementor-heading-title.elementor-size-small{font-size:15px}.elementor-widget-heading .elementor-heading-title.elementor-size-medium{font-size:19px}.elementor-widget-heading .elementor-heading-title.elementor-size-large{font-size:29px}.elementor-widget-heading .elementor-heading-title.elementor-size-xl{font-size:39px}.elementor-widget-heading .elementor-heading-title.elementor-size-xxl{font-size:59px}<\/style><h1 class=\"elementor-heading-title elementor-size-default\">S\u00daHLAS S KOMUNIK\u00c1CIOU <\/h1>\t\t<\/div>\n\t\t\t\t<\/div>\n\t\t\t\t\t<\/div>\n\t\t<\/div>\n\t\t\t\t\t\t\t<\/div>\n\t\t<\/section>\n\t\t\t\t<section class=\"elementor-section elementor-top-section elementor-element elementor-element-d5224ce elementor-section-boxed elementor-section-height-default elementor-section-height-default\" data-id=\"d5224ce\" data-element_type=\"section\">\n\t\t\t\t\t\t<div class=\"elementor-container elementor-column-gap-default\">\n\t\t\t\t\t<div class=\"elementor-column elementor-col-66 elementor-top-column elementor-element elementor-element-b9a2be9\" data-id=\"b9a2be9\" data-element_type=\"column\">\n\t\t\t<div class=\"elementor-widget-wrap elementor-element-populated\">\n\t\t\t\t\t\t\t\t<div class=\"elementor-element elementor-element-578baa7 elementor-widget elementor-widget-image\" data-id=\"578baa7\" data-element_type=\"widget\" data-widget_type=\"image.default\">\n\t\t\t\t<div class=\"elementor-widget-container\">\n\t\t\t<style>\/*! elementor - v3.5.6 - 28-02-2022 *\/\n.elementor-widget-image{text-align:center}.elementor-widget-image a{display:inline-block}.elementor-widget-image a img[src$=\".svg\"]{width:48px}.elementor-widget-image img{vertical-align:middle;display:inline-block}<\/style>\t\t\t\t\t\t\t\t\t\t\t\t<img width=\"592\" height=\"740\" src=\"https:\/\/inspiraconsulting.sk\/wp-content\/uploads\/2024\/01\/Gray-Minimalist-Simple-Personal-Styling-Tips-That-Work-Like-a-Charm-Linkedin-Carousel-6-819x1024.jpg\" class=\"attachment-large size-large\" alt=\"\" loading=\"lazy\" srcset=\"https:\/\/inspiraconsulting.sk\/wp-content\/uploads\/2024\/01\/Gray-Minimalist-Simple-Personal-Styling-Tips-That-Work-Like-a-Charm-Linkedin-Carousel-6-819x1024.jpg 819w, https:\/\/inspiraconsulting.sk\/wp-content\/uploads\/2024\/01\/Gray-Minimalist-Simple-Personal-Styling-Tips-That-Work-Like-a-Charm-Linkedin-Carousel-6-240x300.jpg 240w, https:\/\/inspiraconsulting.sk\/wp-content\/uploads\/2024\/01\/Gray-Minimalist-Simple-Personal-Styling-Tips-That-Work-Like-a-Charm-Linkedin-Carousel-6-768x960.jpg 768w, https:\/\/inspiraconsulting.sk\/wp-content\/uploads\/2024\/01\/Gray-Minimalist-Simple-Personal-Styling-Tips-That-Work-Like-a-Charm-Linkedin-Carousel-6-48x60.jpg 48w, https:\/\/inspiraconsulting.sk\/wp-content\/uploads\/2024\/01\/Gray-Minimalist-Simple-Personal-Styling-Tips-That-Work-Like-a-Charm-Linkedin-Carousel-6-980x1225.jpg 980w, https:\/\/inspiraconsulting.sk\/wp-content\/uploads\/2024\/01\/Gray-Minimalist-Simple-Personal-Styling-Tips-That-Work-Like-a-Charm-Linkedin-Carousel-6-700x875.jpg 700w, https:\/\/inspiraconsulting.sk\/wp-content\/uploads\/2024\/01\/Gray-Minimalist-Simple-Personal-Styling-Tips-That-Work-Like-a-Charm-Linkedin-Carousel-6-600x750.jpg 600w, https:\/\/inspiraconsulting.sk\/wp-content\/uploads\/2024\/01\/Gray-Minimalist-Simple-Personal-Styling-Tips-That-Work-Like-a-Charm-Linkedin-Carousel-6.jpg 1200w\" sizes=\"(max-width: 592px) 100vw, 592px\" \/>\t\t\t\t\t\t\t\t\t\t\t\t\t\t\t<\/div>\n\t\t\t\t<\/div>\n\t\t\t\t\t<\/div>\n\t\t<\/div>\n\t\t\t\t<div class=\"elementor-column elementor-col-33 elementor-top-column elementor-element elementor-element-afed308\" data-id=\"afed308\" data-element_type=\"column\">\n\t\t\t<div class=\"elementor-widget-wrap elementor-element-populated\">\n\t\t\t\t\t\t\t\t<div class=\"elementor-element elementor-element-fea650b elementor-widget elementor-widget-text-editor\" data-id=\"fea650b\" data-element_type=\"widget\" data-widget_type=\"text-editor.default\">\n\t\t\t\t<div class=\"elementor-widget-container\">\n\t\t\t<style>\/*! elementor - v3.5.6 - 28-02-2022 *\/\n.elementor-widget-text-editor.elementor-drop-cap-view-stacked .elementor-drop-cap{background-color:#818a91;color:#fff}.elementor-widget-text-editor.elementor-drop-cap-view-framed .elementor-drop-cap{color:#818a91;border:3px solid;background-color:transparent}.elementor-widget-text-editor:not(.elementor-drop-cap-view-default) .elementor-drop-cap{margin-top:8px}.elementor-widget-text-editor:not(.elementor-drop-cap-view-default) .elementor-drop-cap-letter{width:1em;height:1em}.elementor-widget-text-editor .elementor-drop-cap{float:left;text-align:center;line-height:1;font-size:50px}.elementor-widget-text-editor .elementor-drop-cap-letter{display:inline-block}<\/style>\t\t\t\t<p>Pros\u00edm \u0165a o s\u00fahlas s komunik\u00e1ciou, aby sme mohli zosta\u0165 v kontakte a neu\u0161li ti bud\u00face INSPIRA in\u0161pir\u00e1cie \u2764<\/p><p>Tvoje \u00fadaje s\u00fa u m\u0148a v bezpe\u010d\u00ed \ud83d\ude42\u00a0<\/p><p>Ke\u010f vypln\u00ed\u0161 kontaktn\u00fd formul\u00e1r na mojom webe s\u00fahlas\u00ed\u0161 s nasledovn\u00fdm:\u00a0\u00a0<\/p><p>&#8220;Ude\u013eujem v\u00fdslovn\u00fd s\u00fahlas &#8211; Sab\u00edna Jan\u00e1kov\u00e1 &#8211; Inspira Coaching &amp; Consulting (Kom\u00e1rnick\u00e1 11,Bratislava 82103,I\u010cO 47881283) so spracovan\u00edm osobn\u00fdch \u00fadajov v poskytnutom rozsahu pre \u00fa\u010dely marketingov\u00e9ho sprac\u00favania osobn\u00fdch \u00fadajov, pre potreby marketingu a komer\u010dnej komunik\u00e1cie a zasielania kore\u0161pondencie formou spr\u00e1v elektronickej po\u0161ty.&#8221;<\/p><p>Tento s\u00fahlas je mo\u017en\u00e9 kedyko\u013evek odvola\u0165 emailom na hello@inspira.sk&#8221;\u00a0<\/p>\t\t\t\t\t\t<\/div>\n\t\t\t\t<\/div>\n\t\t\t\t\t<\/div>\n\t\t<\/div>\n\t\t\t\t\t\t\t<\/div>\n\t\t<\/section>\n\t\t\t\t<section class=\"elementor-section elementor-top-section elementor-element elementor-element-cf9210a elementor-section-boxed elementor-section-height-default elementor-section-height-default\" data-id=\"cf9210a\" data-element_type=\"section\">\n\t\t\t\t\t\t<div class=\"elementor-container elementor-column-gap-default\">\n\t\t\t\t\t<div class=\"elementor-column elementor-col-100 elementor-top-column elementor-element elementor-element-c6723ed\" data-id=\"c6723ed\" data-element_type=\"column\">\n\t\t\t<div class=\"elementor-widget-wrap elementor-element-populated\">\n\t\t\t\t\t\t\t\t<div class=\"elementor-element elementor-element-ddf76e2 elementor-widget elementor-widget-heading\" data-id=\"ddf76e2\" data-element_type=\"widget\" data-widget_type=\"heading.default\">\n\t\t\t\t<div class=\"elementor-widget-container\">\n\t\t\t<h1 class=\"elementor-heading-title elementor-size-default\">PRAVIDL\u00c1 OCHRANY OSOBN\u00ddCH \u00daDAJOV<\/h1>\t\t<\/div>\n\t\t\t\t<\/div>\n\t\t\t\t\t<\/div>\n\t\t<\/div>\n\t\t\t\t\t\t\t<\/div>\n\t\t<\/section>\n\t\t\t\t<section class=\"elementor-section elementor-top-section elementor-element elementor-element-0e9c2bb elementor-section-boxed elementor-section-height-default elementor-section-height-default\" data-id=\"0e9c2bb\" data-element_type=\"section\">\n\t\t\t\t\t\t<div class=\"elementor-container elementor-column-gap-default\">\n\t\t\t\t\t<div class=\"elementor-column elementor-col-100 elementor-top-column elementor-element elementor-element-ce67f83\" data-id=\"ce67f83\" data-element_type=\"column\">\n\t\t\t<div class=\"elementor-widget-wrap elementor-element-populated\">\n\t\t\t\t\t\t\t\t<div class=\"elementor-element elementor-element-0485613 elementor-widget elementor-widget-text-editor\" data-id=\"0485613\" data-element_type=\"widget\" data-widget_type=\"text-editor.default\">\n\t\t\t\t<div class=\"elementor-widget-container\">\n\t\t\t\t\t\t\t<p>Sprac\u00favanie osobn\u00fdch \u00fadajov je neoddelite\u013enou s\u00fa\u010das\u0165ou prev\u00e1dzky mojich webov\u00fdch str\u00e1nok. Je pre m\u0148a d\u00f4le\u017eit\u00e9, aby osobn\u00e9 \u00fadaje klientov boli spracovan\u00e9 sp\u00f4sobom, ktor\u00fd neodporuje z\u00e1sad\u00e1m a po\u017eiadavk\u00e1m NARIADENIA EUR\u00d3PSKEHO PARLAMENTU A RADY (E\u00da) 2016\/679 z 27. apr\u00edla 2016 o ochrane fyzick\u00fdch os\u00f4b pri sprac\u00favan\u00ed osobn\u00fdch \u00fadajov a o vo\u013enom pohybe t\u00fdchto \u00fadajov, ktor\u00fdm sa zru\u0161uje smernica 95\/46\/ES (\u010falej len \u201eGDPR\u201c) ani z\u00e1konu \u010d. 18\/2018 Z. z. o ochrane osobn\u00fdch \u00fadajov.\u00a0<\/p><p>Z tohto d\u00f4vodu, ale aj v z\u00e1ujme transparentnosti nakladania s osobn\u00fdmi \u00fadajmi, som pripravila ako prev\u00e1dzkovate\u013e webovej str\u00e1nky t\u00fato inform\u00e1ciu o ochrane osobn\u00fdch \u00fadajov.<\/p><p>V pr\u00edpadoch, ke\u010f sa od klienta ako od dotknutej osoby z\u00edskavaj\u00fa osobn\u00e9 \u00fadaje, ktor\u00e9 sa jej t\u00fdkaj\u00fa, poskytuje prev\u00e1dzkovate\u013e pri z\u00edskavan\u00ed osobn\u00fdch \u00fadajov nasledovn\u00e9 inform\u00e1cie:<\/p><p>Prev\u00e1dzkovate\u013eom webov\u00fdch str\u00e1nok je Sab\u00edna Jan\u00e1kov\u00e1 &#8211; Inspira Coaching &amp; Consulting (Kom\u00e1rnick\u00e1 11,Bratislava 82103,I\u010cO 47881283<\/p><p>a) \u00da\u010delom sprac\u00favania osobn\u00fdch \u00fadajov je realiz\u00e1cia prev\u00e1dzky webovej str\u00e1nky ako aj obchodn\u00e1 komunik\u00e1cia s potenci\u00e1lnymi z\u00e1kazn\u00edkmi, ot\u00e1zky, rezerv\u00e1cie \u010di objedn\u00e1vky tovarov a slu\u017eieb na z\u00e1klade po\u017eiadavky z\u00e1kazn\u00edka a tie\u017e marketingov\u00e9 aktivity prev\u00e1dzkovate\u013ea na z\u00e1klade opr\u00e1vnen\u00e9ho z\u00e1ujmu. Pr\u00e1vnym z\u00e1kladom sprac\u00favania osobn\u00fdch \u00fadajov je tak \u010dl\u00e1nok 6 odsek 2 p\u00edsm b) a f) GDPR, a na jeho plnenie je nevyhnutn\u00e9 z\u00edska\u0165 a sprac\u00fava\u0165 osobn\u00e9 \u00fadaje v minim\u00e1lnom potrebnom a tie\u017e mo\u017enom rozsahu.<\/p><p>b) Pri prev\u00e1dzke webov\u00fdch str\u00e1nok db\u00e1m o d\u00f4vernos\u0165 osobn\u00fdch \u00fadajov mojich klientov a ich osobn\u00e9 \u00fadaje neposkytujem \u017eiadnym in\u00fdm subjektom.<\/p><p>c) Osobn\u00e9 \u00fadaje klientov s\u00favisiace s komunik\u00e1ciou prostredn\u00edctvom tejto webovej str\u00e1nky, ako aj \u00fadaje s\u00favisiace s dodan\u00edm tovarov a slu\u017eieb, uchov\u00e1vam po dobu nevyhnutn\u00fa na splnenie archiva\u010dn\u00fdch povinnost\u00ed vypl\u00fdvaj\u00facich z osobitn\u00fdch predpisov (napr. pr\u00edslu\u0161n\u00e9 pr\u00e1vne predpisy upravuj\u00face povinnosti pri veden\u00ed \u00fa\u010dtovn\u00edctva a pod.).<\/p><p>d) Klient ako dotknut\u00e1 osoba m\u00e1 pr\u00e1vo na inform\u00e1cie a pr\u00edstup ku svojim osobn\u00fdm \u00fadajom, pr\u00e1vo na ich opravu, pr\u00e1vo na portabilitu a tie\u017e pr\u00e1vo na vymazanie, pr\u00e1vo na namietanie \u010di obmedzenie sprac\u00favania a pr\u00e1vo obr\u00e1ti\u0165 sa kedyko\u013evek na dozorn\u00fd org\u00e1n ochrany osobn\u00fdch \u00fadajov. Pr\u00e1vom ka\u017edej dotknutej osoby je tie\u017e pr\u00e1vo poda\u0165 s\u0165a\u017enos\u0165 dozorn\u00e9mu org\u00e1nu, ktor\u00fdm je \u00darad na ochranu osobn\u00fdch \u00fadajov Slovenskej republiky.<\/p><p>e) Je mojim\u00a0 cie\u013eom z\u00edskava\u0165 a sprac\u00fava\u0165 osobn\u00e9 \u00fadaje klientov v najmen\u0161om mo\u017enom rozsahu. Zabezpe\u010denie obchodnej komunik\u00e1cie v\u0161ak bez sprac\u00favania osobn\u00fdch \u00fadajov nie je mo\u017en\u00e9. Poskytnutie minim\u00e1lneho rozsahu \u00fadajov je teda potrebn\u00e9 tak na obchodn\u00fa komunik\u00e1ciu ako aj realiz\u00e1ciu objedn\u00e1vok.<\/p><p>f) Je moj\u00edm opr\u00e1vnen\u00fdm z\u00e1ujmom vedie\u0165, ak\u00fdm sp\u00f4sobom moji n\u00e1v\u0161tevn\u00edci pou\u017e\u00edvaj\u00fa moje webstr\u00e1nky, s cie\u013eom zlep\u0161i\u0165 mo\u017enosti a pohodlie ich n\u00e1v\u0161tevy a pou\u017e\u00edvania, ako aj mo\u017enos\u0165 realiz\u00e1cie marketingovej komunik\u00e1cie. S t\u00fdmto z\u00e1merom vyu\u017e\u00edvame v minim\u00e1lnom mo\u017enom rozsahu aj n\u00e1stroje tret\u00edch str\u00e1n, ktor\u00e9 mi to umo\u017e\u0148uj\u00fa. Ide najm\u00e4 o Google Analytics IP adresy a cookies mi v tomto pom\u00e1haj\u00fa. Cookies si kedyko\u013evek m\u00f4\u017ee\u0161 vymaza\u0165 v nastaveniach svojho prehliada\u010da.<\/p><p>g) Ak klient s\u00fahlasil so sprac\u00favan\u00edm osobn\u00fdch \u00fadajov na marketingov\u00e9 \u00fa\u010dely, vykon\u00e1vam ho zasielan\u00edm e-mailov\u00fdch spr\u00e1v (napr. newsletter, alebo ponuka obdobn\u00fdch tovarov a slu\u017eieb) na kontaktn\u00fa e-mailov\u00fa adresu. Svoj s\u00fahlas m\u00f4\u017ee klient kedyko\u013evek odvola\u0165 zaslan\u00edm Odvolania so sprac\u00favan\u00edm osobn\u00fdch \u00fadajov emailom na hello@inspira.sk, pri\u010dom tieto okam\u017eite blokujem alebo likvidujem a z mojej strany Vami poskytnut\u00e9 osobn\u00e9 \u00fadaje u\u017e nebudem pou\u017e\u00edva\u0165 na marketingov\u00e9 \u00fa\u010dely.<\/p>\t\t\t\t\t\t<\/div>\n\t\t\t\t<\/div>\n\t\t\t\t\t<\/div>\n\t\t<\/div>\n\t\t\t\t\t\t\t<\/div>\n\t\t<\/section>\n\t\t\t\t\t\t<\/div>\n\t\t\t\t\t<\/div>\n\t\t","protected":false},"excerpt":{"rendered":"<p>S\u00daHLAS S KOMUNIK\u00c1CIOU Pros\u00edm \u0165a o s\u00fahlas s komunik\u00e1ciou, aby sme mohli zosta\u0165 v kontakte a neu\u0161li ti bud\u00face INSPIRA in\u0161pir\u00e1cie \u2764 Tvoje \u00fadaje s\u00fa u m\u0148a v bezpe\u010d\u00ed \ud83d\ude42\u00a0&#8230;<\/p>\n","protected":false},"author":1,"featured_media":0,"parent":0,"menu_order":0,"comment_status":"closed","ping_status":"closed","template":"","meta":{"_monsterinsights_skip_tracking":false,"_monsterinsights_sitenote_active":false,"_monsterinsights_sitenote_note":"","_monsterinsights_sitenote_category":0},"yoast_head":"<!-- This site is optimized with the Yoast SEO plugin v18.2 - https:\/\/yoast.com\/wordpress\/plugins\/seo\/ -->\n<title>S\u00daHLAS S KOMUNIK\u00c1CIOU - inspiraconsulting.sk<\/title>\n<meta name=\"description\" content=\"Budeme h\u013eada\u0165 kreat\u00edvne &amp; in\u0161piruj\u00face rie\u0161enia, ktor\u00e9 ti do \u017eivota prines\u00fa vyt\u00fa\u017een\u00e9 zmeny. Budeme sk\u00fama\u0165 nov\u00e9 mo\u017enosti a perspekt\u00edvy, ktor\u00e9 ti pom\u00f4\u017eu prekona\u0165 v\u00fdzvy a dosiahnu\u0165 tvoj prav\u00fd potenci\u00e1l. Zvedavos\u0165 a hravos\u0165 s\u00fa v tom k\u013e\u00fa\u010dov\u00e9. Tieto kvality n\u00e1m umo\u017e\u0148uj\u00fa pozrie\u0165 sa na veci \u201cinak\u201d a prech\u00e1dza\u0165 procesom osobn\u00e9ho rozvoja s \u013eahkos\u0165ou a s rados\u0165ou.\" \/>\n<meta name=\"robots\" content=\"index, follow, max-snippet:-1, max-image-preview:large, max-video-preview:-1\" \/>\n<link rel=\"canonical\" href=\"https:\/\/inspiraconsulting.sk\/?page_id=3387\" \/>\n<meta property=\"og:locale\" content=\"sk_SK\" \/>\n<meta property=\"og:type\" content=\"article\" \/>\n<meta property=\"og:title\" content=\"S\u00daHLAS S KOMUNIK\u00c1CIOU - inspiraconsulting.sk\" \/>\n<meta property=\"og:description\" content=\"Budeme h\u013eada\u0165 kreat\u00edvne &amp; in\u0161piruj\u00face rie\u0161enia, ktor\u00e9 ti do \u017eivota prines\u00fa vyt\u00fa\u017een\u00e9 zmeny. Budeme sk\u00fama\u0165 nov\u00e9 mo\u017enosti a perspekt\u00edvy, ktor\u00e9 ti pom\u00f4\u017eu prekona\u0165 v\u00fdzvy a dosiahnu\u0165 tvoj prav\u00fd potenci\u00e1l. Zvedavos\u0165 a hravos\u0165 s\u00fa v tom k\u013e\u00fa\u010dov\u00e9. Tieto kvality n\u00e1m umo\u017e\u0148uj\u00fa pozrie\u0165 sa na veci \u201cinak\u201d a prech\u00e1dza\u0165 procesom osobn\u00e9ho rozvoja s \u013eahkos\u0165ou a s rados\u0165ou.\" \/>\n<meta property=\"og:url\" content=\"https:\/\/inspiraconsulting.sk\/?page_id=3387\" \/>\n<meta property=\"og:site_name\" content=\"inspiraconsulting.sk\" \/>\n<meta property=\"article:modified_time\" content=\"2024-01-29T11:31:03+00:00\" \/>\n<meta property=\"og:image\" content=\"http:\/\/inspiraconsulting.sk\/wp-content\/uploads\/2024\/01\/Gray-Minimalist-Simple-Personal-Styling-Tips-That-Work-Like-a-Charm-Linkedin-Carousel-6-819x1024.jpg\" \/>\n<meta name=\"twitter:card\" content=\"summary_large_image\" \/>\n<meta name=\"twitter:label1\" content=\"Predpokladan\u00fd \u010das \u010d\u00edtania\" \/>\n\t<meta name=\"twitter:data1\" content=\"4 min\u00faty\" \/>\n<script type=\"application\/ld+json\" class=\"yoast-schema-graph\">{\"@context\":\"https:\/\/schema.org\",\"@graph\":[{\"@type\":\"Organization\",\"@id\":\"https:\/\/inspiraconsulting.sk\/#organization\",\"name\":\"Inspira Coaching & Consulting\",\"url\":\"https:\/\/inspiraconsulting.sk\/\",\"sameAs\":[],\"logo\":{\"@type\":\"ImageObject\",\"@id\":\"https:\/\/inspiraconsulting.sk\/#logo\",\"inLanguage\":\"sk-SK\",\"url\":\"https:\/\/inspiraconsulting.sk\/wp-content\/uploads\/2024\/01\/Hilbi-Photos-24-1.jpg\",\"contentUrl\":\"https:\/\/inspiraconsulting.sk\/wp-content\/uploads\/2024\/01\/Hilbi-Photos-24-1.jpg\",\"width\":945,\"height\":768,\"caption\":\"Inspira Coaching & Consulting\"},\"image\":{\"@id\":\"https:\/\/inspiraconsulting.sk\/#logo\"}},{\"@type\":\"WebSite\",\"@id\":\"https:\/\/inspiraconsulting.sk\/#website\",\"url\":\"https:\/\/inspiraconsulting.sk\/\",\"name\":\"inspiraconsulting.sk\",\"description\":\"In a gentle way, you can shake the world.\",\"publisher\":{\"@id\":\"https:\/\/inspiraconsulting.sk\/#organization\"},\"potentialAction\":[{\"@type\":\"SearchAction\",\"target\":{\"@type\":\"EntryPoint\",\"urlTemplate\":\"https:\/\/inspiraconsulting.sk\/?s={search_term_string}\"},\"query-input\":\"required name=search_term_string\"}],\"inLanguage\":\"sk-SK\"},{\"@type\":\"ImageObject\",\"@id\":\"https:\/\/inspiraconsulting.sk\/?page_id=3387#primaryimage\",\"inLanguage\":\"sk-SK\",\"url\":\"http:\/\/inspiraconsulting.sk\/wp-content\/uploads\/2024\/01\/Gray-Minimalist-Simple-Personal-Styling-Tips-That-Work-Like-a-Charm-Linkedin-Carousel-6-819x1024.jpg\",\"contentUrl\":\"http:\/\/inspiraconsulting.sk\/wp-content\/uploads\/2024\/01\/Gray-Minimalist-Simple-Personal-Styling-Tips-That-Work-Like-a-Charm-Linkedin-Carousel-6-819x1024.jpg\"},{\"@type\":\"WebPage\",\"@id\":\"https:\/\/inspiraconsulting.sk\/?page_id=3387#webpage\",\"url\":\"https:\/\/inspiraconsulting.sk\/?page_id=3387\",\"name\":\"S\u00daHLAS S KOMUNIK\u00c1CIOU - inspiraconsulting.sk\",\"isPartOf\":{\"@id\":\"https:\/\/inspiraconsulting.sk\/#website\"},\"primaryImageOfPage\":{\"@id\":\"https:\/\/inspiraconsulting.sk\/?page_id=3387#primaryimage\"},\"datePublished\":\"2024-01-29T08:26:41+00:00\",\"dateModified\":\"2024-01-29T11:31:03+00:00\",\"description\":\"Budeme h\u013eada\u0165 kreat\u00edvne & in\u0161piruj\u00face rie\u0161enia, ktor\u00e9 ti do \u017eivota prines\u00fa vyt\u00fa\u017een\u00e9 zmeny. Budeme sk\u00fama\u0165 nov\u00e9 mo\u017enosti a perspekt\u00edvy, ktor\u00e9 ti pom\u00f4\u017eu prekona\u0165 v\u00fdzvy a dosiahnu\u0165 tvoj prav\u00fd potenci\u00e1l. Zvedavos\u0165 a hravos\u0165 s\u00fa v tom k\u013e\u00fa\u010dov\u00e9. Tieto kvality n\u00e1m umo\u017e\u0148uj\u00fa pozrie\u0165 sa na veci \u201cinak\u201d a prech\u00e1dza\u0165 procesom osobn\u00e9ho rozvoja s \u013eahkos\u0165ou a s rados\u0165ou.\",\"breadcrumb\":{\"@id\":\"https:\/\/inspiraconsulting.sk\/?page_id=3387#breadcrumb\"},\"inLanguage\":\"sk-SK\",\"potentialAction\":[{\"@type\":\"ReadAction\",\"target\":[\"https:\/\/inspiraconsulting.sk\/?page_id=3387\"]}]},{\"@type\":\"BreadcrumbList\",\"@id\":\"https:\/\/inspiraconsulting.sk\/?page_id=3387#breadcrumb\",\"itemListElement\":[{\"@type\":\"ListItem\",\"position\":1,\"name\":\"Home\",\"item\":\"http:\/\/inspiraconsulting.sk\/\"},{\"@type\":\"ListItem\",\"position\":2,\"name\":\"S\u00daHLAS S KOMUNIK\u00c1CIOU\"}]}]}<\/script>\n<!-- \/ Yoast SEO plugin. -->","yoast_head_json":{"title":"S\u00daHLAS S KOMUNIK\u00c1CIOU - inspiraconsulting.sk","description":"Budeme h\u013eada\u0165 kreat\u00edvne & in\u0161piruj\u00face rie\u0161enia, ktor\u00e9 ti do \u017eivota prines\u00fa vyt\u00fa\u017een\u00e9 zmeny. Budeme sk\u00fama\u0165 nov\u00e9 mo\u017enosti a perspekt\u00edvy, ktor\u00e9 ti pom\u00f4\u017eu prekona\u0165 v\u00fdzvy a dosiahnu\u0165 tvoj prav\u00fd potenci\u00e1l. Zvedavos\u0165 a hravos\u0165 s\u00fa v tom k\u013e\u00fa\u010dov\u00e9. Tieto kvality n\u00e1m umo\u017e\u0148uj\u00fa pozrie\u0165 sa na veci \u201cinak\u201d a prech\u00e1dza\u0165 procesom osobn\u00e9ho rozvoja s \u013eahkos\u0165ou a s rados\u0165ou.","robots":{"index":"index","follow":"follow","max-snippet":"max-snippet:-1","max-image-preview":"max-image-preview:large","max-video-preview":"max-video-preview:-1"},"canonical":"https:\/\/inspiraconsulting.sk\/?page_id=3387","og_locale":"sk_SK","og_type":"article","og_title":"S\u00daHLAS S KOMUNIK\u00c1CIOU - inspiraconsulting.sk","og_description":"Budeme h\u013eada\u0165 kreat\u00edvne & in\u0161piruj\u00face rie\u0161enia, ktor\u00e9 ti do \u017eivota prines\u00fa vyt\u00fa\u017een\u00e9 zmeny. Budeme sk\u00fama\u0165 nov\u00e9 mo\u017enosti a perspekt\u00edvy, ktor\u00e9 ti pom\u00f4\u017eu prekona\u0165 v\u00fdzvy a dosiahnu\u0165 tvoj prav\u00fd potenci\u00e1l. Zvedavos\u0165 a hravos\u0165 s\u00fa v tom k\u013e\u00fa\u010dov\u00e9. Tieto kvality n\u00e1m umo\u017e\u0148uj\u00fa pozrie\u0165 sa na veci \u201cinak\u201d a prech\u00e1dza\u0165 procesom osobn\u00e9ho rozvoja s \u013eahkos\u0165ou a s rados\u0165ou.","og_url":"https:\/\/inspiraconsulting.sk\/?page_id=3387","og_site_name":"inspiraconsulting.sk","article_modified_time":"2024-01-29T11:31:03+00:00","og_image":[{"url":"http:\/\/inspiraconsulting.sk\/wp-content\/uploads\/2024\/01\/Gray-Minimalist-Simple-Personal-Styling-Tips-That-Work-Like-a-Charm-Linkedin-Carousel-6-819x1024.jpg"}],"twitter_card":"summary_large_image","twitter_misc":{"Predpokladan\u00fd \u010das \u010d\u00edtania":"4 min\u00faty"},"schema":{"@context":"https:\/\/schema.org","@graph":[{"@type":"Organization","@id":"https:\/\/inspiraconsulting.sk\/#organization","name":"Inspira Coaching & Consulting","url":"https:\/\/inspiraconsulting.sk\/","sameAs":[],"logo":{"@type":"ImageObject","@id":"https:\/\/inspiraconsulting.sk\/#logo","inLanguage":"sk-SK","url":"https:\/\/inspiraconsulting.sk\/wp-content\/uploads\/2024\/01\/Hilbi-Photos-24-1.jpg","contentUrl":"https:\/\/inspiraconsulting.sk\/wp-content\/uploads\/2024\/01\/Hilbi-Photos-24-1.jpg","width":945,"height":768,"caption":"Inspira Coaching & Consulting"},"image":{"@id":"https:\/\/inspiraconsulting.sk\/#logo"}},{"@type":"WebSite","@id":"https:\/\/inspiraconsulting.sk\/#website","url":"https:\/\/inspiraconsulting.sk\/","name":"inspiraconsulting.sk","description":"In a gentle way, you can shake the world.","publisher":{"@id":"https:\/\/inspiraconsulting.sk\/#organization"},"potentialAction":[{"@type":"SearchAction","target":{"@type":"EntryPoint","urlTemplate":"https:\/\/inspiraconsulting.sk\/?s={search_term_string}"},"query-input":"required name=search_term_string"}],"inLanguage":"sk-SK"},{"@type":"ImageObject","@id":"https:\/\/inspiraconsulting.sk\/?page_id=3387#primaryimage","inLanguage":"sk-SK","url":"http:\/\/inspiraconsulting.sk\/wp-content\/uploads\/2024\/01\/Gray-Minimalist-Simple-Personal-Styling-Tips-That-Work-Like-a-Charm-Linkedin-Carousel-6-819x1024.jpg","contentUrl":"http:\/\/inspiraconsulting.sk\/wp-content\/uploads\/2024\/01\/Gray-Minimalist-Simple-Personal-Styling-Tips-That-Work-Like-a-Charm-Linkedin-Carousel-6-819x1024.jpg"},{"@type":"WebPage","@id":"https:\/\/inspiraconsulting.sk\/?page_id=3387#webpage","url":"https:\/\/inspiraconsulting.sk\/?page_id=3387","name":"S\u00daHLAS S KOMUNIK\u00c1CIOU - inspiraconsulting.sk","isPartOf":{"@id":"https:\/\/inspiraconsulting.sk\/#website"},"primaryImageOfPage":{"@id":"https:\/\/inspiraconsulting.sk\/?page_id=3387#primaryimage"},"datePublished":"2024-01-29T08:26:41+00:00","dateModified":"2024-01-29T11:31:03+00:00","description":"Budeme h\u013eada\u0165 kreat\u00edvne & in\u0161piruj\u00face rie\u0161enia, ktor\u00e9 ti do \u017eivota prines\u00fa vyt\u00fa\u017een\u00e9 zmeny. Budeme sk\u00fama\u0165 nov\u00e9 mo\u017enosti a perspekt\u00edvy, ktor\u00e9 ti pom\u00f4\u017eu prekona\u0165 v\u00fdzvy a dosiahnu\u0165 tvoj prav\u00fd potenci\u00e1l. Zvedavos\u0165 a hravos\u0165 s\u00fa v tom k\u013e\u00fa\u010dov\u00e9. Tieto kvality n\u00e1m umo\u017e\u0148uj\u00fa pozrie\u0165 sa na veci \u201cinak\u201d a prech\u00e1dza\u0165 procesom osobn\u00e9ho rozvoja s \u013eahkos\u0165ou a s rados\u0165ou.","breadcrumb":{"@id":"https:\/\/inspiraconsulting.sk\/?page_id=3387#breadcrumb"},"inLanguage":"sk-SK","potentialAction":[{"@type":"ReadAction","target":["https:\/\/inspiraconsulting.sk\/?page_id=3387"]}]},{"@type":"BreadcrumbList","@id":"https:\/\/inspiraconsulting.sk\/?page_id=3387#breadcrumb","itemListElement":[{"@type":"ListItem","position":1,"name":"Home","item":"http:\/\/inspiraconsulting.sk\/"},{"@type":"ListItem","position":2,"name":"S\u00daHLAS S KOMUNIK\u00c1CIOU"}]}]}},"_links":{"self":[{"href":"https:\/\/inspiraconsulting.sk\/index.php?rest_route=\/wp\/v2\/pages\/3387"}],"collection":[{"href":"https:\/\/inspiraconsulting.sk\/index.php?rest_route=\/wp\/v2\/pages"}],"about":[{"href":"https:\/\/inspiraconsulting.sk\/index.php?rest_route=\/wp\/v2\/types\/page"}],"author":[{"embeddable":true,"href":"https:\/\/inspiraconsulting.sk\/index.php?rest_route=\/wp\/v2\/users\/1"}],"replies":[{"embeddable":true,"href":"https:\/\/inspiraconsulting.sk\/index.php?rest_route=%2Fwp%2Fv2%2Fcomments&post=3387"}],"version-history":[{"count":6,"href":"https:\/\/inspiraconsulting.sk\/index.php?rest_route=\/wp\/v2\/pages\/3387\/revisions"}],"predecessor-version":[{"id":3396,"href":"https:\/\/inspiraconsulting.sk\/index.php?rest_route=\/wp\/v2\/pages\/3387\/revisions\/3396"}],"wp:attachment":[{"href":"https:\/\/inspiraconsulting.sk\/index.php?rest_route=%2Fwp%2Fv2%2Fmedia&parent=3387"}],"curies":[{"name":"wp","href":"https:\/\/api.w.org\/{rel}","templated":true}]}}