{"id":47,"date":"2016-11-24T12:25:23","date_gmt":"2016-11-24T11:25:23","guid":{"rendered":"http:\/\/localhost\/wordpress\/femalecoach\/?page_id=47"},"modified":"2024-04-25T13:44:31","modified_gmt":"2024-04-25T11:44:31","slug":"home","status":"publish","type":"page","link":"https:\/\/inspiraconsulting.sk\/","title":{"rendered":"Home"},"content":{"rendered":"\n<h3>Budeme h\u013eada\u0165 kreat\u00edvne &amp; in\u0161piruj\u00face rie\u0161enia, ktor\u00e9 ti do \u017eivota prines\u00fa vyt\u00fa\u017een\u00e9 zmeny. Budeme sk\u00fama\u0165 nov\u00e9 mo\u017enosti a perspekt\u00edvy, ktor\u00e9 ti pom\u00f4\u017eu prekona\u0165 v\u00fdzvy a dosiahnu\u0165 tvoj prav\u00fd potenci\u00e1l. Zvedavos\u0165 a hravos\u0165 s\u00fa v tom k\u013e\u00fa\u010dov\u00e9. Tieto kvality n\u00e1m umo\u017e\u0148uj\u00fa pozrie\u0165 sa na veci \u201cinak\u201d a prech\u00e1dza\u0165 procesom osobn\u00e9ho rozvoja s \u013eahkos\u0165ou a s rados\u0165ou.<\/h3>\n\n\n\n<p><\/p>\n","protected":false},"excerpt":{"rendered":"<p>Budeme h\u013eada\u0165 kreat\u00edvne &amp; in\u0161piruj\u00face rie\u0161enia, ktor\u00e9 ti do \u017eivota prines\u00fa vyt\u00fa\u017een\u00e9 zmeny. Budeme sk\u00fama\u0165 nov\u00e9 mo\u017enosti a perspekt\u00edvy, ktor\u00e9 ti pom\u00f4\u017eu prekona\u0165 v\u00fdzvy a dosiahnu\u0165 tvoj prav\u00fd potenci\u00e1l. Zvedavos\u0165&#8230;<\/p>\n","protected":false},"author":1,"featured_media":3587,"parent":0,"menu_order":0,"comment_status":"closed","ping_status":"closed","template":"template-homepage.php","meta":{"_monsterinsights_skip_tracking":false,"_monsterinsights_sitenote_active":false,"_monsterinsights_sitenote_note":"","_monsterinsights_sitenote_category":0},"yoast_head":"<!-- This site is optimized with the Yoast SEO plugin v18.2 - https:\/\/yoast.com\/wordpress\/plugins\/seo\/ -->\n<title>Home - inspiraconsulting.sk %<\/title>\n<meta name=\"description\" content=\"Budeme h\u013eada\u0165 kreat\u00edvne &amp; in\u0161piruj\u00face rie\u0161enia, ktor\u00e9 ti do \u017eivota prines\u00fa vyt\u00fa\u017een\u00e9 zmeny. Budeme sk\u00fama\u0165 nov\u00e9 mo\u017enosti a perspekt\u00edvy, ktor\u00e9 ti pom\u00f4\u017eu prekona\u0165 v\u00fdzvy a dosiahnu\u0165 tvoj prav\u00fd potenci\u00e1l. Zvedavos\u0165 a hravos\u0165 s\u00fa v tom k\u013e\u00fa\u010dov\u00e9. Tieto kvality n\u00e1m umo\u017e\u0148uj\u00fa pozrie\u0165 sa na veci \u201cinak\u201d a prech\u00e1dza\u0165 procesom osobn\u00e9ho rozvoja s \u013eahkos\u0165ou a s rados\u0165ou.\" \/>\n<meta name=\"robots\" content=\"index, follow, max-snippet:-1, max-image-preview:large, max-video-preview:-1\" \/>\n<link rel=\"canonical\" href=\"https:\/\/inspiraconsulting.sk\/\" \/>\n<meta property=\"og:locale\" content=\"sk_SK\" \/>\n<meta property=\"og:type\" content=\"article\" \/>\n<meta property=\"og:title\" content=\"Home - inspiraconsulting.sk %\" \/>\n<meta property=\"og:description\" content=\"Budeme h\u013eada\u0165 kreat\u00edvne &amp; in\u0161piruj\u00face rie\u0161enia, ktor\u00e9 ti do \u017eivota prines\u00fa vyt\u00fa\u017een\u00e9 zmeny. Budeme sk\u00fama\u0165 nov\u00e9 mo\u017enosti a perspekt\u00edvy, ktor\u00e9 ti pom\u00f4\u017eu prekona\u0165 v\u00fdzvy a dosiahnu\u0165 tvoj prav\u00fd potenci\u00e1l. Zvedavos\u0165 a hravos\u0165 s\u00fa v tom k\u013e\u00fa\u010dov\u00e9. Tieto kvality n\u00e1m umo\u017e\u0148uj\u00fa pozrie\u0165 sa na veci \u201cinak\u201d a prech\u00e1dza\u0165 procesom osobn\u00e9ho rozvoja s \u013eahkos\u0165ou a s rados\u0165ou.\" \/>\n<meta property=\"og:url\" content=\"https:\/\/inspiraconsulting.sk\/\" \/>\n<meta property=\"og:site_name\" content=\"inspiraconsulting.sk\" \/>\n<meta property=\"article:modified_time\" content=\"2024-04-25T11:44:31+00:00\" \/>\n<meta property=\"og:image\" content=\"https:\/\/inspiraconsulting.sk\/wp-content\/uploads\/2024\/01\/Hilbi-Photos-24-1.jpg\" \/>\n\t<meta property=\"og:image:width\" content=\"945\" \/>\n\t<meta property=\"og:image:height\" content=\"768\" \/>\n\t<meta property=\"og:image:type\" content=\"image\/jpeg\" \/>\n<meta name=\"twitter:card\" content=\"summary_large_image\" \/>\n<meta name=\"twitter:description\" content=\"Budeme h\u013eada\u0165 kreat\u00edvne &amp; in\u0161piruj\u00face rie\u0161enia, ktor\u00e9 ti do \u017eivota prines\u00fa vyt\u00fa\u017een\u00e9 zmeny. Budeme sk\u00fama\u0165 nov\u00e9 mo\u017enosti a perspekt\u00edvy, ktor\u00e9 ti pom\u00f4\u017eu prekona\u0165 v\u00fdzvy a dosiahnu\u0165 tvoj prav\u00fd potenci\u00e1l. Zvedavos\u0165 a hravos\u0165 s\u00fa v tom k\u013e\u00fa\u010dov\u00e9. Tieto kvality n\u00e1m umo\u017e\u0148uj\u00fa pozrie\u0165 sa na veci \u201cinak\u201d a prech\u00e1dza\u0165 procesom osobn\u00e9ho rozvoja s \u013eahkos\u0165ou a s rados\u0165ou.\" \/>\n<meta name=\"twitter:image\" content=\"https:\/\/inspiraconsulting.sk\/wp-content\/uploads\/2024\/01\/Hilbi-Photos-24-1.jpg\" \/>\n<meta name=\"twitter:label1\" content=\"Predpokladan\u00fd \u010das \u010d\u00edtania\" \/>\n\t<meta name=\"twitter:data1\" content=\"1 min\u00fata\" \/>\n<script type=\"application\/ld+json\" class=\"yoast-schema-graph\">{\"@context\":\"https:\/\/schema.org\",\"@graph\":[{\"@type\":\"Organization\",\"@id\":\"https:\/\/inspiraconsulting.sk\/#organization\",\"name\":\"Inspira Coaching & Consulting\",\"url\":\"https:\/\/inspiraconsulting.sk\/\",\"sameAs\":[],\"logo\":{\"@type\":\"ImageObject\",\"@id\":\"https:\/\/inspiraconsulting.sk\/#logo\",\"inLanguage\":\"sk-SK\",\"url\":\"https:\/\/inspiraconsulting.sk\/wp-content\/uploads\/2024\/01\/Hilbi-Photos-24-1.jpg\",\"contentUrl\":\"https:\/\/inspiraconsulting.sk\/wp-content\/uploads\/2024\/01\/Hilbi-Photos-24-1.jpg\",\"width\":945,\"height\":768,\"caption\":\"Inspira Coaching & Consulting\"},\"image\":{\"@id\":\"https:\/\/inspiraconsulting.sk\/#logo\"}},{\"@type\":\"WebSite\",\"@id\":\"https:\/\/inspiraconsulting.sk\/#website\",\"url\":\"https:\/\/inspiraconsulting.sk\/\",\"name\":\"inspiraconsulting.sk\",\"description\":\"In a gentle way, you can shake the world.\",\"publisher\":{\"@id\":\"https:\/\/inspiraconsulting.sk\/#organization\"},\"potentialAction\":[{\"@type\":\"SearchAction\",\"target\":{\"@type\":\"EntryPoint\",\"urlTemplate\":\"https:\/\/inspiraconsulting.sk\/?s={search_term_string}\"},\"query-input\":\"required name=search_term_string\"}],\"inLanguage\":\"sk-SK\"},{\"@type\":\"ImageObject\",\"@id\":\"https:\/\/inspiraconsulting.sk\/#primaryimage\",\"inLanguage\":\"sk-SK\",\"url\":\"https:\/\/inspiraconsulting.sk\/wp-content\/uploads\/2024\/01\/Hilbi-Photos-24-1.jpg\",\"contentUrl\":\"https:\/\/inspiraconsulting.sk\/wp-content\/uploads\/2024\/01\/Hilbi-Photos-24-1.jpg\",\"width\":945,\"height\":768},{\"@type\":\"WebPage\",\"@id\":\"https:\/\/inspiraconsulting.sk\/#webpage\",\"url\":\"https:\/\/inspiraconsulting.sk\/\",\"name\":\"Home - inspiraconsulting.sk %\",\"isPartOf\":{\"@id\":\"https:\/\/inspiraconsulting.sk\/#website\"},\"primaryImageOfPage\":{\"@id\":\"https:\/\/inspiraconsulting.sk\/#primaryimage\"},\"datePublished\":\"2016-11-24T11:25:23+00:00\",\"dateModified\":\"2024-04-25T11:44:31+00:00\",\"description\":\"Budeme h\u013eada\u0165 kreat\u00edvne & in\u0161piruj\u00face rie\u0161enia, ktor\u00e9 ti do \u017eivota prines\u00fa vyt\u00fa\u017een\u00e9 zmeny. Budeme sk\u00fama\u0165 nov\u00e9 mo\u017enosti a perspekt\u00edvy, ktor\u00e9 ti pom\u00f4\u017eu prekona\u0165 v\u00fdzvy a dosiahnu\u0165 tvoj prav\u00fd potenci\u00e1l. Zvedavos\u0165 a hravos\u0165 s\u00fa v tom k\u013e\u00fa\u010dov\u00e9. Tieto kvality n\u00e1m umo\u017e\u0148uj\u00fa pozrie\u0165 sa na veci \u201cinak\u201d a prech\u00e1dza\u0165 procesom osobn\u00e9ho rozvoja s \u013eahkos\u0165ou a s rados\u0165ou.\",\"breadcrumb\":{\"@id\":\"https:\/\/inspiraconsulting.sk\/#breadcrumb\"},\"inLanguage\":\"sk-SK\",\"potentialAction\":[{\"@type\":\"ReadAction\",\"target\":[\"https:\/\/inspiraconsulting.sk\/\"]}]},{\"@type\":\"BreadcrumbList\",\"@id\":\"https:\/\/inspiraconsulting.sk\/#breadcrumb\",\"itemListElement\":[{\"@type\":\"ListItem\",\"position\":1,\"name\":\"Home\",\"item\":\"https:\/\/inspiraconsulting.sk\/\"},{\"@type\":\"ListItem\",\"position\":2,\"name\":\"Home\"}]}]}<\/script>\n<!-- \/ Yoast SEO plugin. -->","yoast_head_json":{"title":"Home - inspiraconsulting.sk %","description":"Budeme h\u013eada\u0165 kreat\u00edvne & in\u0161piruj\u00face rie\u0161enia, ktor\u00e9 ti do \u017eivota prines\u00fa vyt\u00fa\u017een\u00e9 zmeny. Budeme sk\u00fama\u0165 nov\u00e9 mo\u017enosti a perspekt\u00edvy, ktor\u00e9 ti pom\u00f4\u017eu prekona\u0165 v\u00fdzvy a dosiahnu\u0165 tvoj prav\u00fd potenci\u00e1l. Zvedavos\u0165 a hravos\u0165 s\u00fa v tom k\u013e\u00fa\u010dov\u00e9. Tieto kvality n\u00e1m umo\u017e\u0148uj\u00fa pozrie\u0165 sa na veci \u201cinak\u201d a prech\u00e1dza\u0165 procesom osobn\u00e9ho rozvoja s \u013eahkos\u0165ou a s rados\u0165ou.","robots":{"index":"index","follow":"follow","max-snippet":"max-snippet:-1","max-image-preview":"max-image-preview:large","max-video-preview":"max-video-preview:-1"},"canonical":"https:\/\/inspiraconsulting.sk\/","og_locale":"sk_SK","og_type":"article","og_title":"Home - inspiraconsulting.sk %","og_description":"Budeme h\u013eada\u0165 kreat\u00edvne & in\u0161piruj\u00face rie\u0161enia, ktor\u00e9 ti do \u017eivota prines\u00fa vyt\u00fa\u017een\u00e9 zmeny. Budeme sk\u00fama\u0165 nov\u00e9 mo\u017enosti a perspekt\u00edvy, ktor\u00e9 ti pom\u00f4\u017eu prekona\u0165 v\u00fdzvy a dosiahnu\u0165 tvoj prav\u00fd potenci\u00e1l. Zvedavos\u0165 a hravos\u0165 s\u00fa v tom k\u013e\u00fa\u010dov\u00e9. Tieto kvality n\u00e1m umo\u017e\u0148uj\u00fa pozrie\u0165 sa na veci \u201cinak\u201d a prech\u00e1dza\u0165 procesom osobn\u00e9ho rozvoja s \u013eahkos\u0165ou a s rados\u0165ou.","og_url":"https:\/\/inspiraconsulting.sk\/","og_site_name":"inspiraconsulting.sk","article_modified_time":"2024-04-25T11:44:31+00:00","og_image":[{"width":945,"height":768,"url":"https:\/\/inspiraconsulting.sk\/wp-content\/uploads\/2024\/01\/Hilbi-Photos-24-1.jpg","type":"image\/jpeg"}],"twitter_card":"summary_large_image","twitter_description":"Budeme h\u013eada\u0165 kreat\u00edvne & in\u0161piruj\u00face rie\u0161enia, ktor\u00e9 ti do \u017eivota prines\u00fa vyt\u00fa\u017een\u00e9 zmeny. Budeme sk\u00fama\u0165 nov\u00e9 mo\u017enosti a perspekt\u00edvy, ktor\u00e9 ti pom\u00f4\u017eu prekona\u0165 v\u00fdzvy a dosiahnu\u0165 tvoj prav\u00fd potenci\u00e1l. Zvedavos\u0165 a hravos\u0165 s\u00fa v tom k\u013e\u00fa\u010dov\u00e9. Tieto kvality n\u00e1m umo\u017e\u0148uj\u00fa pozrie\u0165 sa na veci \u201cinak\u201d a prech\u00e1dza\u0165 procesom osobn\u00e9ho rozvoja s \u013eahkos\u0165ou a s rados\u0165ou.","twitter_image":"https:\/\/inspiraconsulting.sk\/wp-content\/uploads\/2024\/01\/Hilbi-Photos-24-1.jpg","twitter_misc":{"Predpokladan\u00fd \u010das \u010d\u00edtania":"1 min\u00fata"},"schema":{"@context":"https:\/\/schema.org","@graph":[{"@type":"Organization","@id":"https:\/\/inspiraconsulting.sk\/#organization","name":"Inspira Coaching & Consulting","url":"https:\/\/inspiraconsulting.sk\/","sameAs":[],"logo":{"@type":"ImageObject","@id":"https:\/\/inspiraconsulting.sk\/#logo","inLanguage":"sk-SK","url":"https:\/\/inspiraconsulting.sk\/wp-content\/uploads\/2024\/01\/Hilbi-Photos-24-1.jpg","contentUrl":"https:\/\/inspiraconsulting.sk\/wp-content\/uploads\/2024\/01\/Hilbi-Photos-24-1.jpg","width":945,"height":768,"caption":"Inspira Coaching & Consulting"},"image":{"@id":"https:\/\/inspiraconsulting.sk\/#logo"}},{"@type":"WebSite","@id":"https:\/\/inspiraconsulting.sk\/#website","url":"https:\/\/inspiraconsulting.sk\/","name":"inspiraconsulting.sk","description":"In a gentle way, you can shake the world.","publisher":{"@id":"https:\/\/inspiraconsulting.sk\/#organization"},"potentialAction":[{"@type":"SearchAction","target":{"@type":"EntryPoint","urlTemplate":"https:\/\/inspiraconsulting.sk\/?s={search_term_string}"},"query-input":"required name=search_term_string"}],"inLanguage":"sk-SK"},{"@type":"ImageObject","@id":"https:\/\/inspiraconsulting.sk\/#primaryimage","inLanguage":"sk-SK","url":"https:\/\/inspiraconsulting.sk\/wp-content\/uploads\/2024\/01\/Hilbi-Photos-24-1.jpg","contentUrl":"https:\/\/inspiraconsulting.sk\/wp-content\/uploads\/2024\/01\/Hilbi-Photos-24-1.jpg","width":945,"height":768},{"@type":"WebPage","@id":"https:\/\/inspiraconsulting.sk\/#webpage","url":"https:\/\/inspiraconsulting.sk\/","name":"Home - inspiraconsulting.sk %","isPartOf":{"@id":"https:\/\/inspiraconsulting.sk\/#website"},"primaryImageOfPage":{"@id":"https:\/\/inspiraconsulting.sk\/#primaryimage"},"datePublished":"2016-11-24T11:25:23+00:00","dateModified":"2024-04-25T11:44:31+00:00","description":"Budeme h\u013eada\u0165 kreat\u00edvne & in\u0161piruj\u00face rie\u0161enia, ktor\u00e9 ti do \u017eivota prines\u00fa vyt\u00fa\u017een\u00e9 zmeny. Budeme sk\u00fama\u0165 nov\u00e9 mo\u017enosti a perspekt\u00edvy, ktor\u00e9 ti pom\u00f4\u017eu prekona\u0165 v\u00fdzvy a dosiahnu\u0165 tvoj prav\u00fd potenci\u00e1l. Zvedavos\u0165 a hravos\u0165 s\u00fa v tom k\u013e\u00fa\u010dov\u00e9. Tieto kvality n\u00e1m umo\u017e\u0148uj\u00fa pozrie\u0165 sa na veci \u201cinak\u201d a prech\u00e1dza\u0165 procesom osobn\u00e9ho rozvoja s \u013eahkos\u0165ou a s rados\u0165ou.","breadcrumb":{"@id":"https:\/\/inspiraconsulting.sk\/#breadcrumb"},"inLanguage":"sk-SK","potentialAction":[{"@type":"ReadAction","target":["https:\/\/inspiraconsulting.sk\/"]}]},{"@type":"BreadcrumbList","@id":"https:\/\/inspiraconsulting.sk\/#breadcrumb","itemListElement":[{"@type":"ListItem","position":1,"name":"Home","item":"https:\/\/inspiraconsulting.sk\/"},{"@type":"ListItem","position":2,"name":"Home"}]}]}},"_links":{"self":[{"href":"https:\/\/inspiraconsulting.sk\/index.php?rest_route=\/wp\/v2\/pages\/47"}],"collection":[{"href":"https:\/\/inspiraconsulting.sk\/index.php?rest_route=\/wp\/v2\/pages"}],"about":[{"href":"https:\/\/inspiraconsulting.sk\/index.php?rest_route=\/wp\/v2\/types\/page"}],"author":[{"embeddable":true,"href":"https:\/\/inspiraconsulting.sk\/index.php?rest_route=\/wp\/v2\/users\/1"}],"replies":[{"embeddable":true,"href":"https:\/\/inspiraconsulting.sk\/index.php?rest_route=%2Fwp%2Fv2%2Fcomments&post=47"}],"version-history":[{"count":4,"href":"https:\/\/inspiraconsulting.sk\/index.php?rest_route=\/wp\/v2\/pages\/47\/revisions"}],"predecessor-version":[{"id":3590,"href":"https:\/\/inspiraconsulting.sk\/index.php?rest_route=\/wp\/v2\/pages\/47\/revisions\/3590"}],"wp:featuredmedia":[{"embeddable":true,"href":"https:\/\/inspiraconsulting.sk\/index.php?rest_route=\/wp\/v2\/media\/3587"}],"wp:attachment":[{"href":"https:\/\/inspiraconsulting.sk\/index.php?rest_route=%2Fwp%2Fv2%2Fmedia&parent=47"}],"curies":[{"name":"wp","href":"https:\/\/api.w.org\/{rel}","templated":true}]}}